{"id":224,"date":"2024-03-18T18:39:42","date_gmt":"2024-03-18T15:39:42","guid":{"rendered":"https:\/\/tolsel.com\/en\/corporate\/sirket-profili\/"},"modified":"2024-04-25T17:12:26","modified_gmt":"2024-04-25T14:12:26","slug":"company-profile","status":"publish","type":"page","link":"https:\/\/tolsel.com\/en\/corporate\/company-profile\/","title":{"rendered":"COMPANY PROFILE"},"content":{"rendered":"\n<style type=\"text\/css\" data-created_by=\"avia_inline_auto\" id=\"style-css-av-ltx2x9gf-c815f13ec5b17ac17d0e42aab6ce47a0\">\n.avia-section.av-ltx2x9gf-c815f13ec5b17ac17d0e42aab6ce47a0{\nbackground-repeat:no-repeat;\nbackground-image:url(https:\/\/tolsel.com\/wp-content\/uploads\/2024\/03\/sirket-profili-tolsel.jpg);\nbackground-position:50% 50%;\nbackground-attachment:scroll;\nmargin-top:-50px;\nmargin-bottom:0px;\n}\n.avia-section.av-ltx2x9gf-c815f13ec5b17ac17d0e42aab6ce47a0 .av-extra-border-element .av-extra-border-inner{\nbackground-color:#ffffff;\n}\n<\/style>\n<div id='av_section_1'  class='avia-section av-ltx2x9gf-c815f13ec5b17ac17d0e42aab6ce47a0 main_color avia-section-no-padding avia-no-border-styling  avia-builder-el-0  el_before_av_one_full  avia-builder-el-first  avia-full-stretch avia-bg-style-scroll av-minimum-height av-minimum-height-custom av-height-custom  container_wrap sidebar_right'  data-section-bg-repeat='stretch' data-av_minimum_height_px='300'><div class='container av-section-cont-open' style='height:300px'><main  role=\"main\" itemprop=\"mainContentOfPage\"  class='template-page content  av-content-small alpha units'><div class='post-entry post-entry-type-page post-entry-224'><div class='entry-content-wrapper clearfix'><\/div><\/div><\/main><!-- close content main element --><\/div><div class='av-extra-border-element border-extra-diagonal border-extra-diagonal-inverse diagonal-box-shadow'><div class='av-extra-border-outer'><div class='av-extra-border-inner'><\/div><\/div><\/div><\/div><div id='after_section_1'  class='main_color av_default_container_wrap container_wrap sidebar_right'  ><div class='container av-section-cont-open' ><div class='template-page content  av-content-small alpha units'><div class='post-entry post-entry-type-page post-entry-224'><div class='entry-content-wrapper clearfix'>\n<div  class='flex_column av-1edfu-92a9ac8ff35c9093afc0050da69a5303 av_one_full  avia-builder-el-1  el_after_av_section  avia-builder-el-no-sibling  first flex_column_div  '     ><section  class='av_textblock_section av-ltwo0sns-1ea1a30545139e5890aacd626174d642 '   itemscope=\"itemscope\" itemtype=\"https:\/\/schema.org\/CreativeWork\" ><div class='avia_textblock'  itemprop=\"text\" ><blockquote>\n<p><strong>Tolsel Makina: Tecr\u00fcbenin Bulu\u015ftu\u011fu Nokta, Kalitede \u0130ddial\u0131y\u0131z, G\u00fcvenilir \u00c7\u00f6z\u00fcmler Sunuyoruz<\/strong><\/p>\n<\/blockquote>\n<p>Tolsel Makina, end\u00fcstriyel sekt\u00f6rler i\u00e7in y\u00fcksek kaliteli par\u00e7a \u00fcretiminde uzmanla\u015fm\u0131\u015f bir firma olarak sekt\u00f6rde \u00f6nemli bir konuma sahiptir. Kuruldu\u011fu g\u00fcnden itibaren, m\u00fc\u015fteri memnuniyeti ve \u00fcr\u00fcn kalitesi \u00fczerine odaklanan \u015firketimiz, geni\u015f bir m\u00fc\u015fteri portf\u00f6y\u00fcne sahip olman\u0131n gururunu ya\u015famaktad\u0131r.<\/p>\n<p>Bizler, Tolsel Makina olarak, end\u00fcstriyel \u00fcretimdeki en son teknolojileri kullanarak m\u00fc\u015fterilerimize en iyi \u00e7\u00f6z\u00fcmleri sunmay\u0131 hedefliyoruz. M\u00fc\u015fterilerimizin ihtiya\u00e7lar\u0131na uygun olarak \u00f6zelle\u015ftirilmi\u015f par\u00e7alar \u00fcretmek i\u00e7in modern tala\u015fl\u0131 imalat ekipmanlar\u0131n\u0131 ve teknik altyap\u0131m\u0131z\u0131 s\u00fcrekli olarak g\u00fcncelliyor ve geli\u015ftiriyoruz.<\/p>\n<p>Tolsel Makina&#8217;n\u0131n temel prensiplerinden biri, kalite ve hassasiyet konusundaki titiz yakla\u015f\u0131m\u0131m\u0131zd\u0131r. Her bir \u00fcr\u00fcn\u00fcm\u00fcz, end\u00fcstri standartlar\u0131na ve m\u00fc\u015fteri beklentilerine uygun olarak \u00fcretilmektedir. Ayr\u0131ca, \u00fcretim s\u00fcre\u00e7lerimizde s\u0131k\u0131 kalite kontrol y\u00f6ntemleri uygulayarak, m\u00fc\u015fterilerimize g\u00fcvenilir ve dayan\u0131kl\u0131 par\u00e7alar sunmaktay\u0131z.<\/p>\n<p>M\u00fchendislik uzmanlar\u0131m\u0131z, sekt\u00f6rdeki en iyi yeteneklerden olu\u015fan bir ekip taraf\u0131ndan y\u00f6netilmektedir. S\u00fcrekli olarak e\u011fitim ve geli\u015fim f\u0131rsatlar\u0131 sa\u011flayarak, ekibimizin teknik bilgi ve becerilerini g\u00fcncel tutmaya \u00f6zen g\u00f6steriyoruz. Bu sayede, m\u00fc\u015fterilerimizin karma\u015f\u0131k taleplerini kar\u015f\u0131layabilecek ve en y\u00fcksek kalitede \u00fcr\u00fcnler sunabilecek bir ekip olu\u015fturuyoruz.<\/p>\n<p>Tolsel Makina olarak, sadece m\u00fc\u015fterilerimize \u00fcr\u00fcn sa\u011flamakla kalm\u0131yor, ayn\u0131 zamanda i\u015f ortaklar\u0131 olarak uzun vadeli ili\u015fkiler kurmay\u0131 da ama\u00e7l\u0131yoruz. Profesyonel m\u00fc\u015fteri hizmetleri ekibimiz, m\u00fc\u015fterilerimizin her t\u00fcrl\u00fc sorusuna yan\u0131t vermek ve ihtiya\u00e7lar\u0131na uygun \u00e7\u00f6z\u00fcmler sunmak i\u00e7in her zaman haz\u0131rd\u0131r.<\/p>\n<p>Bizler, Tolsel Makina olarak, end\u00fcstriyel sekt\u00f6rlerdeki ba\u015far\u0131lar\u0131m\u0131z\u0131 s\u00fcrekli olarak art\u0131rmaya devam ediyoruz. M\u00fc\u015fterilerimize g\u00fcvenilir ve kaliteli \u00e7\u00f6z\u00fcmler sunarak, onlar\u0131n i\u015flerini daha verimli ve rekabet\u00e7i hale getirmelerine yard\u0131mc\u0131 olmay\u0131 hedefliyoruz.<\/p>\n<\/div><\/section><\/div>\n","protected":false},"excerpt":{"rendered":"","protected":false},"author":1,"featured_media":0,"parent":214,"menu_order":1,"comment_status":"closed","ping_status":"closed","template":"","meta":{"footnotes":""},"class_list":["post-224","page","type-page","status-publish","hentry"],"_links":{"self":[{"href":"https:\/\/tolsel.com\/en\/wp-json\/wp\/v2\/pages\/224","targetHints":{"allow":["GET"]}}],"collection":[{"href":"https:\/\/tolsel.com\/en\/wp-json\/wp\/v2\/pages"}],"about":[{"href":"https:\/\/tolsel.com\/en\/wp-json\/wp\/v2\/types\/page"}],"author":[{"embeddable":true,"href":"https:\/\/tolsel.com\/en\/wp-json\/wp\/v2\/users\/1"}],"replies":[{"embeddable":true,"href":"https:\/\/tolsel.com\/en\/wp-json\/wp\/v2\/comments?post=224"}],"version-history":[{"count":4,"href":"https:\/\/tolsel.com\/en\/wp-json\/wp\/v2\/pages\/224\/revisions"}],"predecessor-version":[{"id":228,"href":"https:\/\/tolsel.com\/en\/wp-json\/wp\/v2\/pages\/224\/revisions\/228"}],"up":[{"embeddable":true,"href":"https:\/\/tolsel.com\/en\/wp-json\/wp\/v2\/pages\/214"}],"wp:attachment":[{"href":"https:\/\/tolsel.com\/en\/wp-json\/wp\/v2\/media?parent=224"}],"curies":[{"name":"wp","href":"https:\/\/api.w.org\/{rel}","templated":true}]}}